{"id":3135,"date":"2023-06-06T03:47:54","date_gmt":"2023-06-06T06:47:54","guid":{"rendered":"https:\/\/kikker.com.br\/contact\/"},"modified":"2025-11-13T21:32:32","modified_gmt":"2025-11-14T00:32:32","slug":"contact","status":"publish","type":"page","link":"https:\/\/kikker.com.br\/en\/contact\/","title":{"rendered":"Contact"},"content":{"rendered":"\t\t<div data-elementor-type=\"wp-page\" data-elementor-id=\"3135\" class=\"elementor elementor-3135 elementor-303\" data-elementor-post-type=\"page\">\n\t\t\t\t\t\t<section class=\"elementor-section elementor-top-section elementor-element elementor-element-7ecf28d elementor-section-boxed elementor-section-height-default elementor-section-height-default\" data-id=\"7ecf28d\" data-element_type=\"section\" data-e-type=\"section\" data-settings=\"{&quot;ekit_has_onepagescroll_dot&quot;:&quot;yes&quot;}\">\n\t\t\t\t\t\t\t<div class=\"elementor-background-overlay\"><\/div>\n\t\t\t\t\t\t\t<div class=\"elementor-container elementor-column-gap-default\">\n\t\t\t\t\t<div class=\"elementor-column elementor-col-100 elementor-top-column elementor-element elementor-element-541f823b\" data-id=\"541f823b\" data-element_type=\"column\" data-e-type=\"column\">\n\t\t\t<div class=\"elementor-widget-wrap elementor-element-populated\">\n\t\t\t\t\t\t<div class=\"elementor-element elementor-element-6eb36b74 elementor-widget elementor-widget-heading\" data-id=\"6eb36b74\" data-element_type=\"widget\" data-e-type=\"widget\" data-settings=\"{&quot;ekit_we_effect_on&quot;:&quot;none&quot;}\" data-widget_type=\"heading.default\">\n\t\t\t\t<div class=\"elementor-widget-container\">\n\t\t\t\t\t<h1 class=\"elementor-heading-title elementor-size-default\">Contact<\/h1>\t\t\t\t<\/div>\n\t\t\t\t<\/div>\n\t\t\t\t<div class=\"elementor-element elementor-element-1bfa93e5 elementor-icon-list--layout-inline elementor-align-center elementor-list-item-link-full_width elementor-widget elementor-widget-icon-list\" data-id=\"1bfa93e5\" data-element_type=\"widget\" data-e-type=\"widget\" data-settings=\"{&quot;ekit_we_effect_on&quot;:&quot;none&quot;}\" data-widget_type=\"icon-list.default\">\n\t\t\t\t<div class=\"elementor-widget-container\">\n\t\t\t\t\t\t\t<ul class=\"elementor-icon-list-items elementor-inline-items\">\n\t\t\t\t\t\t\t<li class=\"elementor-icon-list-item elementor-inline-item\">\n\t\t\t\t\t\t\t\t\t\t\t<span class=\"elementor-icon-list-icon\">\n\t\t\t\t\t\t\t<i aria-hidden=\"true\" class=\"icon icon-home\"><\/i>\t\t\t\t\t\t<\/span>\n\t\t\t\t\t\t\t\t\t\t<span class=\"elementor-icon-list-text\">Home<\/span>\n\t\t\t\t\t\t\t\t\t<\/li>\n\t\t\t\t\t\t\t\t<li class=\"elementor-icon-list-item elementor-inline-item\">\n\t\t\t\t\t\t\t\t\t\t\t<span class=\"elementor-icon-list-icon\">\n\t\t\t\t\t\t\t<i aria-hidden=\"true\" class=\"fas fa-chevron-right\"><\/i>\t\t\t\t\t\t<\/span>\n\t\t\t\t\t\t\t\t\t\t<span class=\"elementor-icon-list-text\">Contact<\/span>\n\t\t\t\t\t\t\t\t\t<\/li>\n\t\t\t\t\t\t<\/ul>\n\t\t\t\t\t\t<\/div>\n\t\t\t\t<\/div>\n\t\t\t\t\t<\/div>\n\t\t<\/div>\n\t\t\t\t\t<\/div>\n\t\t<\/section>\n\t\t\t\t<section class=\"elementor-section elementor-top-section elementor-element elementor-element-1d67e112 elementor-section-boxed elementor-section-height-default elementor-section-height-default\" data-id=\"1d67e112\" data-element_type=\"section\" data-e-type=\"section\" data-settings=\"{&quot;ekit_has_onepagescroll_dot&quot;:&quot;yes&quot;}\">\n\t\t\t\t\t\t\t<div class=\"elementor-background-overlay\"><\/div>\n\t\t\t\t\t\t\t<div class=\"elementor-container elementor-column-gap-default\">\n\t\t\t\t\t<div class=\"elementor-column elementor-col-50 elementor-top-column elementor-element elementor-element-56c288a6\" data-id=\"56c288a6\" data-element_type=\"column\" data-e-type=\"column\" data-settings=\"{&quot;background_background&quot;:&quot;classic&quot;}\">\n\t\t\t<div class=\"elementor-widget-wrap elementor-element-populated\">\n\t\t\t\t\t<div class=\"elementor-background-overlay\"><\/div>\n\t\t\t\t\t\t<div class=\"elementor-element elementor-element-740f15ea elementor-widget elementor-widget-heading\" data-id=\"740f15ea\" data-element_type=\"widget\" data-e-type=\"widget\" data-settings=\"{&quot;ekit_we_effect_on&quot;:&quot;none&quot;}\" data-widget_type=\"heading.default\">\n\t\t\t\t<div class=\"elementor-widget-container\">\n\t\t\t\t\t<h2 class=\"elementor-heading-title elementor-size-default\">Talk to Kikker<\/h2>\t\t\t\t<\/div>\n\t\t\t\t<\/div>\n\t\t\t\t<div class=\"elementor-element elementor-element-5403678f elementor-widget elementor-widget-text-editor\" data-id=\"5403678f\" data-element_type=\"widget\" data-e-type=\"widget\" data-settings=\"{&quot;ekit_we_effect_on&quot;:&quot;none&quot;}\" data-widget_type=\"text-editor.default\">\n\t\t\t\t<div class=\"elementor-widget-container\">\n\t\t\t\t\t\t\t\t\tFor questions, suggestions, quotes or criticisms, use the form below:\t\t\t\t\t\t\t\t<\/div>\n\t\t\t\t<\/div>\n\t\t\t\t<div class=\"elementor-element elementor-element-a2b5f61 elementor-widget elementor-widget-html\" data-id=\"a2b5f61\" data-element_type=\"widget\" data-e-type=\"widget\" data-settings=\"{&quot;ekit_we_effect_on&quot;:&quot;none&quot;}\" data-widget_type=\"html.default\">\n\t\t\t\t<div class=\"elementor-widget-container\">\n\t\t\t\t\t<iframe title=\"Formex [Forms simples] Inboud - EN\" name=\"iframe_formex_lahar\" width=\"100%\" height=\"550px\" frameborder=\"0\" style=\"background: none; border: none;\" allowtransparency=\"true\" src=\"https:\/\/forms.lahar.com.br\/formularios-externos\/acessa\/formssimplesinbouden-7pKsUE8kQPrwjXbWH225ylm96LYlw\">Seu navegador n\u00e3o possui suporte para iframes.<\/iframe>\t\t\t\t<\/div>\n\t\t\t\t<\/div>\n\t\t\t\t\t<\/div>\n\t\t<\/div>\n\t\t\t\t<div class=\"elementor-column elementor-col-50 elementor-top-column elementor-element elementor-element-6f7cf413\" data-id=\"6f7cf413\" data-element_type=\"column\" data-e-type=\"column\" data-settings=\"{&quot;background_background&quot;:&quot;classic&quot;}\">\n\t\t\t<div class=\"elementor-widget-wrap elementor-element-populated\">\n\t\t\t\t\t\t<div class=\"elementor-element elementor-element-7dfe0a17 elementor-widget-tablet__width-initial elementor-widget-mobile__width-inherit ekit-equal-height-disable elementor-widget elementor-widget-elementskit-icon-box\" data-id=\"7dfe0a17\" data-element_type=\"widget\" data-e-type=\"widget\" data-settings=\"{&quot;ekit_we_effect_on&quot;:&quot;none&quot;}\" data-widget_type=\"elementskit-icon-box.default\">\n\t\t\t\t<div class=\"elementor-widget-container\">\n\t\t\t\t\t<div class=\"ekit-wid-con\" >        <!-- link opening -->\n                <!-- end link opening -->\n\n        <div class=\"elementskit-infobox text- text-left icon-lef-right-aligin elementor-animation- media  \">\n                    <div class=\"elementskit-box-header elementor-animation-\">\n                <div class=\"elementskit-info-box-icon  text-center\">\n                    <i aria-hidden=\"true\" class=\"elementkit-infobox-icon icon icon-map-marker1\"><\/i>\n                <\/div>\n          <\/div>\n                        <div class=\"box-body\">\n                            <h3 class=\"elementskit-info-box-title\">\n                    Localiza\u00e7\u00e3o                <\/h3>\n                        \t\t  \t<p>Rua Ala\u00edde Nascimento de Lemos 932B \u2013 Jardim Proen\u00e7a, Campinas-SP CEP: 13100-453<\/p>\n                                <\/div>\n        \n        \n                <\/div>\n        <\/div>\t\t\t\t<\/div>\n\t\t\t\t<\/div>\n\t\t\t\t<div class=\"elementor-element elementor-element-5389d9dd elementor-widget-tablet__width-initial elementor-widget-mobile__width-inherit ekit-equal-height-disable elementor-widget elementor-widget-elementskit-icon-box\" data-id=\"5389d9dd\" data-element_type=\"widget\" data-e-type=\"widget\" data-settings=\"{&quot;ekit_we_effect_on&quot;:&quot;none&quot;}\" data-widget_type=\"elementskit-icon-box.default\">\n\t\t\t\t<div class=\"elementor-widget-container\">\n\t\t\t\t\t<div class=\"ekit-wid-con\" >        <!-- link opening -->\n                <!-- end link opening -->\n\n        <div class=\"elementskit-infobox text- text-left icon-lef-right-aligin elementor-animation- media  \">\n                    <div class=\"elementskit-box-header elementor-animation-\">\n                <div class=\"elementskit-info-box-icon  text-center\">\n                    <i aria-hidden=\"true\" class=\"elementkit-infobox-icon icon icon-envelope1\"><\/i>\n                <\/div>\n          <\/div>\n                        <div class=\"box-body\">\n                            <h3 class=\"elementskit-info-box-title\">\n                    Email                <\/h3>\n                        \t\t  \t<p>suporte@kikker.com.br<\/br>\ncontato@kikker.com.br<\/br>\ncomercial@kikker.com.br<\/p>\n                                <\/div>\n        \n        \n                <\/div>\n        <\/div>\t\t\t\t<\/div>\n\t\t\t\t<\/div>\n\t\t\t\t<div class=\"elementor-element elementor-element-69fcb652 elementor-widget-tablet__width-initial elementor-widget-mobile__width-inherit ekit-equal-height-disable elementor-widget elementor-widget-elementskit-icon-box\" data-id=\"69fcb652\" data-element_type=\"widget\" data-e-type=\"widget\" data-settings=\"{&quot;ekit_we_effect_on&quot;:&quot;none&quot;}\" data-widget_type=\"elementskit-icon-box.default\">\n\t\t\t\t<div class=\"elementor-widget-container\">\n\t\t\t\t\t<div class=\"ekit-wid-con\" >        <!-- link opening -->\n                <!-- end link opening -->\n\n        <div class=\"elementskit-infobox text- text- icon-lef-right-aligin elementor-animation-   \">\n                            <div class=\"elementskit-box-header\">\n                <div class=\"elementskit-info-box-icon text-center\">\n                    <img decoding=\"async\" width=\"216\" height=\"211\" src=\"https:\/\/kikker.com.br\/wp-content\/uploads\/2023\/06\/qr-code-kikker.png\" class=\"attachment- size-\" alt=\"\" \/>                <\/div>\n          <\/div>\n                <div class=\"box-body\">\n                            <h3 class=\"elementskit-info-box-title\">\n                    Support                <\/h3>\n                        \t\t  \t<p>Read the QR code and contact us via WhatsApp<\/p>\n                                <\/div>\n        \n        \n                <\/div>\n        <\/div>\t\t\t\t<\/div>\n\t\t\t\t<\/div>\n\t\t\t\t\t<\/div>\n\t\t<\/div>\n\t\t\t\t\t<\/div>\n\t\t<\/section>\n\t\t\t\t<section class=\"elementor-section elementor-top-section elementor-element elementor-element-74091967 elementor-section-full_width elementor-hidden-desktop elementor-hidden-tablet elementor-hidden-mobile elementor-section-height-default elementor-section-height-default\" data-id=\"74091967\" data-element_type=\"section\" data-e-type=\"section\" data-settings=\"{&quot;ekit_has_onepagescroll_dot&quot;:&quot;yes&quot;}\">\n\t\t\t\t\t\t<div class=\"elementor-container elementor-column-gap-no\">\n\t\t\t\t\t<div class=\"elementor-column elementor-col-100 elementor-top-column elementor-element elementor-element-4331e581\" data-id=\"4331e581\" data-element_type=\"column\" data-e-type=\"column\">\n\t\t\t<div class=\"elementor-widget-wrap elementor-element-populated\">\n\t\t\t\t\t\t<div class=\"elementor-element elementor-element-2691f5b1 elementor-widget elementor-widget-google_maps\" data-id=\"2691f5b1\" data-element_type=\"widget\" data-e-type=\"widget\" data-settings=\"{&quot;ekit_we_effect_on&quot;:&quot;none&quot;}\" data-widget_type=\"google_maps.default\">\n\t\t\t\t<div class=\"elementor-widget-container\">\n\t\t\t\t\t\t\t<div class=\"elementor-custom-embed\">\n\t\t\t<iframe loading=\"lazy\"\n\t\t\t\t\tsrc=\"https:\/\/maps.google.com\/maps?q=Rua%20Ala%C3%ADde%20Nascimento%20de%20Lemos%20932B%20%E2%80%93%20Jardim%20Proen%C3%A7a%2C%20Campinas-SP%20CEP%3A%2013100-453&#038;t=m&#038;z=12&#038;output=embed&#038;iwloc=near\"\n\t\t\t\t\ttitle=\"Rua Ala\u00edde Nascimento de Lemos 932B \u2013 Jardim Proen\u00e7a, Campinas-SP CEP: 13100-453\"\n\t\t\t\t\taria-label=\"Rua Ala\u00edde Nascimento de Lemos 932B \u2013 Jardim Proen\u00e7a, Campinas-SP CEP: 13100-453\"\n\t\t\t><\/iframe>\n\t\t<\/div>\n\t\t\t\t\t\t<\/div>\n\t\t\t\t<\/div>\n\t\t\t\t\t<\/div>\n\t\t<\/div>\n\t\t\t\t\t<\/div>\n\t\t<\/section>\n\t\t\t\t<\/div>\n\t\t","protected":false},"excerpt":{"rendered":"<p>Home Talk to Kikker For questions, suggestions, quotes or criticisms, use the form below: Seu navegador n\u00e3o possui suporte para iframes. Localiza\u00e7\u00e3o Rua Ala\u00edde Nascimento de Lemos 932B \u2013 Jardim Proen\u00e7a, Campinas-SP CEP: 13100-453 Email suporte@kikker.com.br contato@kikker.com.br comercial@kikker.com.br Support Read the QR code and contact us via WhatsApp<\/p>\n","protected":false},"author":1,"featured_media":0,"parent":0,"menu_order":0,"comment_status":"closed","ping_status":"closed","template":"elementor_header_footer","meta":{"footnotes":""},"class_list":["post-3135","page","type-page","status-publish","hentry"],"yoast_head":"<!-- This site is optimized with the Yoast SEO plugin v27.4 - https:\/\/yoast.com\/product\/yoast-seo-wordpress\/ -->\n<title>Contact - Kikker<\/title>\n<meta name=\"robots\" content=\"index, follow, max-snippet:-1, max-image-preview:large, max-video-preview:-1\" \/>\n<link rel=\"canonical\" href=\"https:\/\/kikker.com.br\/en\/contact\/\" \/>\n<meta property=\"og:locale\" content=\"en_US\" \/>\n<meta property=\"og:type\" content=\"article\" \/>\n<meta property=\"og:title\" content=\"Contact - Kikker\" \/>\n<meta property=\"og:description\" content=\"Home Talk to Kikker For questions, suggestions, quotes or criticisms, use the form below: Seu navegador n\u00e3o possui suporte para iframes. Localiza\u00e7\u00e3o Rua Ala\u00edde Nascimento de Lemos 932B \u2013 Jardim Proen\u00e7a, Campinas-SP CEP: 13100-453 Email suporte@kikker.com.br contato@kikker.com.br comercial@kikker.com.br Support Read the QR code and contact us via WhatsApp\" \/>\n<meta property=\"og:url\" content=\"https:\/\/kikker.com.br\/en\/contact\/\" \/>\n<meta property=\"og:site_name\" content=\"Kikker\" \/>\n<meta property=\"article:publisher\" content=\"https:\/\/facebook.com\/kikkersoftware\" \/>\n<meta property=\"article:modified_time\" content=\"2025-11-14T00:32:32+00:00\" \/>\n<meta property=\"og:image\" content=\"https:\/\/kikker.com.br\/wp-content\/uploads\/2023\/06\/qr-code-kikker.png\" \/>\n<meta name=\"twitter:card\" content=\"summary_large_image\" \/>\n<meta name=\"twitter:label1\" content=\"Est. reading time\" \/>\n\t<meta name=\"twitter:data1\" content=\"1 minute\" \/>\n<script type=\"application\/ld+json\" class=\"yoast-schema-graph\">{\"@context\":\"https:\\\/\\\/schema.org\",\"@graph\":[{\"@type\":\"WebPage\",\"@id\":\"https:\\\/\\\/kikker.com.br\\\/en\\\/contact\\\/\",\"url\":\"https:\\\/\\\/kikker.com.br\\\/en\\\/contact\\\/\",\"name\":\"Contact - Kikker\",\"isPartOf\":{\"@id\":\"https:\\\/\\\/kikker.com.br\\\/en\\\/#website\"},\"primaryImageOfPage\":{\"@id\":\"https:\\\/\\\/kikker.com.br\\\/en\\\/contact\\\/#primaryimage\"},\"image\":{\"@id\":\"https:\\\/\\\/kikker.com.br\\\/en\\\/contact\\\/#primaryimage\"},\"thumbnailUrl\":\"http:\\\/\\\/kikker.com.br\\\/wp-content\\\/uploads\\\/2023\\\/06\\\/qr-code-kikker.png\",\"datePublished\":\"2023-06-06T06:47:54+00:00\",\"dateModified\":\"2025-11-14T00:32:32+00:00\",\"breadcrumb\":{\"@id\":\"https:\\\/\\\/kikker.com.br\\\/en\\\/contact\\\/#breadcrumb\"},\"inLanguage\":\"en-US\",\"potentialAction\":[{\"@type\":\"ReadAction\",\"target\":[\"https:\\\/\\\/kikker.com.br\\\/en\\\/contact\\\/\"]}]},{\"@type\":\"ImageObject\",\"inLanguage\":\"en-US\",\"@id\":\"https:\\\/\\\/kikker.com.br\\\/en\\\/contact\\\/#primaryimage\",\"url\":\"http:\\\/\\\/kikker.com.br\\\/wp-content\\\/uploads\\\/2023\\\/06\\\/qr-code-kikker.png\",\"contentUrl\":\"http:\\\/\\\/kikker.com.br\\\/wp-content\\\/uploads\\\/2023\\\/06\\\/qr-code-kikker.png\"},{\"@type\":\"BreadcrumbList\",\"@id\":\"https:\\\/\\\/kikker.com.br\\\/en\\\/contact\\\/#breadcrumb\",\"itemListElement\":[{\"@type\":\"ListItem\",\"position\":1,\"name\":\"Home\",\"item\":\"https:\\\/\\\/kikker.com.br\\\/en\\\/\"},{\"@type\":\"ListItem\",\"position\":2,\"name\":\"Contact\"}]},{\"@type\":\"WebSite\",\"@id\":\"https:\\\/\\\/kikker.com.br\\\/en\\\/#website\",\"url\":\"https:\\\/\\\/kikker.com.br\\\/en\\\/\",\"name\":\"Kikker\",\"description\":\"Gest\u00e3o Inteligente de Abastecimento\",\"publisher\":{\"@id\":\"https:\\\/\\\/kikker.com.br\\\/en\\\/#organization\"},\"potentialAction\":[{\"@type\":\"SearchAction\",\"target\":{\"@type\":\"EntryPoint\",\"urlTemplate\":\"https:\\\/\\\/kikker.com.br\\\/en\\\/?s={search_term_string}\"},\"query-input\":{\"@type\":\"PropertyValueSpecification\",\"valueRequired\":true,\"valueName\":\"search_term_string\"}}],\"inLanguage\":\"en-US\"},{\"@type\":\"Organization\",\"@id\":\"https:\\\/\\\/kikker.com.br\\\/en\\\/#organization\",\"name\":\"Kikker - Gest\u00e3o inteligente de abastecimento\",\"alternateName\":\"Kikker\",\"url\":\"https:\\\/\\\/kikker.com.br\\\/en\\\/\",\"logo\":{\"@type\":\"ImageObject\",\"inLanguage\":\"en-US\",\"@id\":\"https:\\\/\\\/kikker.com.br\\\/en\\\/#\\\/schema\\\/logo\\\/image\\\/\",\"url\":\"https:\\\/\\\/kikker.com.br\\\/wp-content\\\/uploads\\\/2023\\\/05\\\/cropped-favicon-kikker.png\",\"contentUrl\":\"https:\\\/\\\/kikker.com.br\\\/wp-content\\\/uploads\\\/2023\\\/05\\\/cropped-favicon-kikker.png\",\"width\":512,\"height\":512,\"caption\":\"Kikker - Gest\u00e3o inteligente de abastecimento\"},\"image\":{\"@id\":\"https:\\\/\\\/kikker.com.br\\\/en\\\/#\\\/schema\\\/logo\\\/image\\\/\"},\"sameAs\":[\"https:\\\/\\\/facebook.com\\\/kikkersoftware\"]}]}<\/script>\n<!-- \/ Yoast SEO plugin. -->","yoast_head_json":{"title":"Contact - Kikker","robots":{"index":"index","follow":"follow","max-snippet":"max-snippet:-1","max-image-preview":"max-image-preview:large","max-video-preview":"max-video-preview:-1"},"canonical":"https:\/\/kikker.com.br\/en\/contact\/","og_locale":"en_US","og_type":"article","og_title":"Contact - Kikker","og_description":"Home Talk to Kikker For questions, suggestions, quotes or criticisms, use the form below: Seu navegador n\u00e3o possui suporte para iframes. Localiza\u00e7\u00e3o Rua Ala\u00edde Nascimento de Lemos 932B \u2013 Jardim Proen\u00e7a, Campinas-SP CEP: 13100-453 Email suporte@kikker.com.br contato@kikker.com.br comercial@kikker.com.br Support Read the QR code and contact us via WhatsApp","og_url":"https:\/\/kikker.com.br\/en\/contact\/","og_site_name":"Kikker","article_publisher":"https:\/\/facebook.com\/kikkersoftware","article_modified_time":"2025-11-14T00:32:32+00:00","og_image":[{"url":"https:\/\/kikker.com.br\/wp-content\/uploads\/2023\/06\/qr-code-kikker.png","type":"","width":"","height":""}],"twitter_card":"summary_large_image","twitter_misc":{"Est. reading time":"1 minute"},"schema":{"@context":"https:\/\/schema.org","@graph":[{"@type":"WebPage","@id":"https:\/\/kikker.com.br\/en\/contact\/","url":"https:\/\/kikker.com.br\/en\/contact\/","name":"Contact - Kikker","isPartOf":{"@id":"https:\/\/kikker.com.br\/en\/#website"},"primaryImageOfPage":{"@id":"https:\/\/kikker.com.br\/en\/contact\/#primaryimage"},"image":{"@id":"https:\/\/kikker.com.br\/en\/contact\/#primaryimage"},"thumbnailUrl":"https:\/\/kikker.com.br\/wp-content\/uploads\/2023\/06\/qr-code-kikker.png","datePublished":"2023-06-06T06:47:54+00:00","dateModified":"2025-11-14T00:32:32+00:00","breadcrumb":{"@id":"https:\/\/kikker.com.br\/en\/contact\/#breadcrumb"},"inLanguage":"en-US","potentialAction":[{"@type":"ReadAction","target":["https:\/\/kikker.com.br\/en\/contact\/"]}]},{"@type":"ImageObject","inLanguage":"en-US","@id":"https:\/\/kikker.com.br\/en\/contact\/#primaryimage","url":"https:\/\/kikker.com.br\/wp-content\/uploads\/2023\/06\/qr-code-kikker.png","contentUrl":"https:\/\/kikker.com.br\/wp-content\/uploads\/2023\/06\/qr-code-kikker.png"},{"@type":"BreadcrumbList","@id":"https:\/\/kikker.com.br\/en\/contact\/#breadcrumb","itemListElement":[{"@type":"ListItem","position":1,"name":"Home","item":"https:\/\/kikker.com.br\/en\/"},{"@type":"ListItem","position":2,"name":"Contact"}]},{"@type":"WebSite","@id":"https:\/\/kikker.com.br\/en\/#website","url":"https:\/\/kikker.com.br\/en\/","name":"Kikker","description":"Gest\u00e3o Inteligente de Abastecimento","publisher":{"@id":"https:\/\/kikker.com.br\/en\/#organization"},"potentialAction":[{"@type":"SearchAction","target":{"@type":"EntryPoint","urlTemplate":"https:\/\/kikker.com.br\/en\/?s={search_term_string}"},"query-input":{"@type":"PropertyValueSpecification","valueRequired":true,"valueName":"search_term_string"}}],"inLanguage":"en-US"},{"@type":"Organization","@id":"https:\/\/kikker.com.br\/en\/#organization","name":"Kikker - Gest\u00e3o inteligente de abastecimento","alternateName":"Kikker","url":"https:\/\/kikker.com.br\/en\/","logo":{"@type":"ImageObject","inLanguage":"en-US","@id":"https:\/\/kikker.com.br\/en\/#\/schema\/logo\/image\/","url":"https:\/\/kikker.com.br\/wp-content\/uploads\/2023\/05\/cropped-favicon-kikker.png","contentUrl":"https:\/\/kikker.com.br\/wp-content\/uploads\/2023\/05\/cropped-favicon-kikker.png","width":512,"height":512,"caption":"Kikker - Gest\u00e3o inteligente de abastecimento"},"image":{"@id":"https:\/\/kikker.com.br\/en\/#\/schema\/logo\/image\/"},"sameAs":["https:\/\/facebook.com\/kikkersoftware"]}]}},"_links":{"self":[{"href":"https:\/\/kikker.com.br\/en\/wp-json\/wp\/v2\/pages\/3135","targetHints":{"allow":["GET"]}}],"collection":[{"href":"https:\/\/kikker.com.br\/en\/wp-json\/wp\/v2\/pages"}],"about":[{"href":"https:\/\/kikker.com.br\/en\/wp-json\/wp\/v2\/types\/page"}],"author":[{"embeddable":true,"href":"https:\/\/kikker.com.br\/en\/wp-json\/wp\/v2\/users\/1"}],"replies":[{"embeddable":true,"href":"https:\/\/kikker.com.br\/en\/wp-json\/wp\/v2\/comments?post=3135"}],"version-history":[{"count":9,"href":"https:\/\/kikker.com.br\/en\/wp-json\/wp\/v2\/pages\/3135\/revisions"}],"predecessor-version":[{"id":5703,"href":"https:\/\/kikker.com.br\/en\/wp-json\/wp\/v2\/pages\/3135\/revisions\/5703"}],"wp:attachment":[{"href":"https:\/\/kikker.com.br\/en\/wp-json\/wp\/v2\/media?parent=3135"}],"curies":[{"name":"wp","href":"https:\/\/api.w.org\/{rel}","templated":true}]}}