{"id":2697,"date":"2023-06-06T03:47:54","date_gmt":"2023-06-06T06:47:54","guid":{"rendered":"https:\/\/kikker.com.br\/contacto\/"},"modified":"2025-11-13T21:25:09","modified_gmt":"2025-11-14T00:25:09","slug":"contacto","status":"publish","type":"page","link":"https:\/\/kikker.com.br\/es\/contacto\/","title":{"rendered":"Contacto"},"content":{"rendered":"\t\t<div data-elementor-type=\"wp-page\" data-elementor-id=\"2697\" class=\"elementor elementor-2697 elementor-303\" data-elementor-post-type=\"page\">\n\t\t\t\t\t\t<section class=\"elementor-section elementor-top-section elementor-element elementor-element-7ecf28d elementor-section-boxed elementor-section-height-default elementor-section-height-default\" data-id=\"7ecf28d\" data-element_type=\"section\" data-e-type=\"section\" data-settings=\"{&quot;ekit_has_onepagescroll_dot&quot;:&quot;yes&quot;}\">\n\t\t\t\t\t\t\t<div class=\"elementor-background-overlay\"><\/div>\n\t\t\t\t\t\t\t<div class=\"elementor-container elementor-column-gap-default\">\n\t\t\t\t\t<div class=\"elementor-column elementor-col-100 elementor-top-column elementor-element elementor-element-541f823b\" data-id=\"541f823b\" data-element_type=\"column\" data-e-type=\"column\">\n\t\t\t<div class=\"elementor-widget-wrap elementor-element-populated\">\n\t\t\t\t\t\t<div class=\"elementor-element elementor-element-6eb36b74 elementor-widget elementor-widget-heading\" data-id=\"6eb36b74\" data-element_type=\"widget\" data-e-type=\"widget\" data-settings=\"{&quot;ekit_we_effect_on&quot;:&quot;none&quot;}\" data-widget_type=\"heading.default\">\n\t\t\t\t<div class=\"elementor-widget-container\">\n\t\t\t\t\t<h1 class=\"elementor-heading-title elementor-size-default\">Contacto<\/h1>\t\t\t\t<\/div>\n\t\t\t\t<\/div>\n\t\t\t\t<div class=\"elementor-element elementor-element-1bfa93e5 elementor-icon-list--layout-inline elementor-align-center elementor-list-item-link-full_width elementor-widget elementor-widget-icon-list\" data-id=\"1bfa93e5\" data-element_type=\"widget\" data-e-type=\"widget\" data-settings=\"{&quot;ekit_we_effect_on&quot;:&quot;none&quot;}\" data-widget_type=\"icon-list.default\">\n\t\t\t\t<div class=\"elementor-widget-container\">\n\t\t\t\t\t\t\t<ul class=\"elementor-icon-list-items elementor-inline-items\">\n\t\t\t\t\t\t\t<li class=\"elementor-icon-list-item elementor-inline-item\">\n\t\t\t\t\t\t\t\t\t\t\t<span class=\"elementor-icon-list-icon\">\n\t\t\t\t\t\t\t<i aria-hidden=\"true\" class=\"icon icon-home\"><\/i>\t\t\t\t\t\t<\/span>\n\t\t\t\t\t\t\t\t\t\t<span class=\"elementor-icon-list-text\">Home<\/span>\n\t\t\t\t\t\t\t\t\t<\/li>\n\t\t\t\t\t\t\t\t<li class=\"elementor-icon-list-item elementor-inline-item\">\n\t\t\t\t\t\t\t\t\t\t\t<span class=\"elementor-icon-list-icon\">\n\t\t\t\t\t\t\t<i aria-hidden=\"true\" class=\"fas fa-chevron-right\"><\/i>\t\t\t\t\t\t<\/span>\n\t\t\t\t\t\t\t\t\t\t<span class=\"elementor-icon-list-text\">Contacto<\/span>\n\t\t\t\t\t\t\t\t\t<\/li>\n\t\t\t\t\t\t<\/ul>\n\t\t\t\t\t\t<\/div>\n\t\t\t\t<\/div>\n\t\t\t\t\t<\/div>\n\t\t<\/div>\n\t\t\t\t\t<\/div>\n\t\t<\/section>\n\t\t\t\t<section class=\"elementor-section elementor-top-section elementor-element elementor-element-1d67e112 elementor-section-boxed elementor-section-height-default elementor-section-height-default\" data-id=\"1d67e112\" data-element_type=\"section\" data-e-type=\"section\" data-settings=\"{&quot;ekit_has_onepagescroll_dot&quot;:&quot;yes&quot;}\">\n\t\t\t\t\t\t\t<div class=\"elementor-background-overlay\"><\/div>\n\t\t\t\t\t\t\t<div class=\"elementor-container elementor-column-gap-default\">\n\t\t\t\t\t<div class=\"elementor-column elementor-col-50 elementor-top-column elementor-element elementor-element-56c288a6\" data-id=\"56c288a6\" data-element_type=\"column\" data-e-type=\"column\" data-settings=\"{&quot;background_background&quot;:&quot;classic&quot;}\">\n\t\t\t<div class=\"elementor-widget-wrap elementor-element-populated\">\n\t\t\t\t\t<div class=\"elementor-background-overlay\"><\/div>\n\t\t\t\t\t\t<div class=\"elementor-element elementor-element-740f15ea elementor-widget elementor-widget-heading\" data-id=\"740f15ea\" data-element_type=\"widget\" data-e-type=\"widget\" data-settings=\"{&quot;ekit_we_effect_on&quot;:&quot;none&quot;}\" data-widget_type=\"heading.default\">\n\t\t\t\t<div class=\"elementor-widget-container\">\n\t\t\t\t\t<h2 class=\"elementor-heading-title elementor-size-default\">Habla con Kikker<\/h2>\t\t\t\t<\/div>\n\t\t\t\t<\/div>\n\t\t\t\t<div class=\"elementor-element elementor-element-5403678f elementor-widget elementor-widget-text-editor\" data-id=\"5403678f\" data-element_type=\"widget\" data-e-type=\"widget\" data-settings=\"{&quot;ekit_we_effect_on&quot;:&quot;none&quot;}\" data-widget_type=\"text-editor.default\">\n\t\t\t\t<div class=\"elementor-widget-container\">\n\t\t\t\t\t\t\t\t\t<p><span style=\"font-size: 1rem;\">Para preguntas, sugerencias, citas o cr\u00edticas, utilice el siguiente formulario:<\/span><\/p>\t\t\t\t\t\t\t\t<\/div>\n\t\t\t\t<\/div>\n\t\t\t\t<div class=\"elementor-element elementor-element-a2b5f61 elementor-widget elementor-widget-html\" data-id=\"a2b5f61\" data-element_type=\"widget\" data-e-type=\"widget\" data-settings=\"{&quot;ekit_we_effect_on&quot;:&quot;none&quot;}\" data-widget_type=\"html.default\">\n\t\t\t\t<div class=\"elementor-widget-container\">\n\t\t\t\t\t<iframe title=\"Formex [Forms simples] Inboud - Es\" name=\"iframe_formex_lahar\" width=\"100%\" height=\"550px\" frameborder=\"0\" style=\"background: none; border: none;\" allowtransparency=\"true\" src=\"https:\/\/forms.lahar.com.br\/formularios-externos\/acessa\/formssimplesinboudes-N5V7SWCUUcFJG8XNjuYxCQ6M32l6I\">Seu navegador n\u00e3o possui suporte para iframes.<\/iframe>\t\t\t\t<\/div>\n\t\t\t\t<\/div>\n\t\t\t\t\t<\/div>\n\t\t<\/div>\n\t\t\t\t<div class=\"elementor-column elementor-col-50 elementor-top-column elementor-element elementor-element-6f7cf413\" data-id=\"6f7cf413\" data-element_type=\"column\" data-e-type=\"column\" data-settings=\"{&quot;background_background&quot;:&quot;classic&quot;}\">\n\t\t\t<div class=\"elementor-widget-wrap elementor-element-populated\">\n\t\t\t\t\t\t<div class=\"elementor-element elementor-element-7dfe0a17 elementor-widget-tablet__width-initial elementor-widget-mobile__width-inherit ekit-equal-height-disable elementor-widget elementor-widget-elementskit-icon-box\" data-id=\"7dfe0a17\" data-element_type=\"widget\" data-e-type=\"widget\" data-settings=\"{&quot;ekit_we_effect_on&quot;:&quot;none&quot;}\" data-widget_type=\"elementskit-icon-box.default\">\n\t\t\t\t<div class=\"elementor-widget-container\">\n\t\t\t\t\t<div class=\"ekit-wid-con\" >        <!-- link opening -->\n                <!-- end link opening -->\n\n        <div class=\"elementskit-infobox text- text-left icon-lef-right-aligin elementor-animation- media  \">\n                    <div class=\"elementskit-box-header elementor-animation-\">\n                <div class=\"elementskit-info-box-icon  text-center\">\n                    <i aria-hidden=\"true\" class=\"elementkit-infobox-icon icon icon-map-marker1\"><\/i>\n                <\/div>\n          <\/div>\n                        <div class=\"box-body\">\n                            <h3 class=\"elementskit-info-box-title\">\n                    Ubicaci\u00f3n                <\/h3>\n                        \t\t  \t<p>Viamonte 1592 Piso: 9 Dpto: B, Capital Federal, Ciudad de Buenos Aires, Argentina<\/p>\n                                <\/div>\n        \n        \n                <\/div>\n        <\/div>\t\t\t\t<\/div>\n\t\t\t\t<\/div>\n\t\t\t\t<div class=\"elementor-element elementor-element-5389d9dd elementor-widget-tablet__width-initial elementor-widget-mobile__width-inherit ekit-equal-height-disable elementor-widget elementor-widget-elementskit-icon-box\" data-id=\"5389d9dd\" data-element_type=\"widget\" data-e-type=\"widget\" data-settings=\"{&quot;ekit_we_effect_on&quot;:&quot;none&quot;}\" data-widget_type=\"elementskit-icon-box.default\">\n\t\t\t\t<div class=\"elementor-widget-container\">\n\t\t\t\t\t<div class=\"ekit-wid-con\" >        <!-- link opening -->\n                <!-- end link opening -->\n\n        <div class=\"elementskit-infobox text- text-left icon-lef-right-aligin elementor-animation- media  \">\n                    <div class=\"elementskit-box-header elementor-animation-\">\n                <div class=\"elementskit-info-box-icon  text-center\">\n                    <i aria-hidden=\"true\" class=\"elementkit-infobox-icon icon icon-envelope1\"><\/i>\n                <\/div>\n          <\/div>\n                        <div class=\"box-body\">\n                            <h3 class=\"elementskit-info-box-title\">\n                    Email                <\/h3>\n                        \t\t  \t<p>contacto@kikkersoftware.com<\/p>\n                                <\/div>\n        \n        \n                <\/div>\n        <\/div>\t\t\t\t<\/div>\n\t\t\t\t<\/div>\n\t\t\t\t<div class=\"elementor-element elementor-element-69fcb652 elementor-widget-tablet__width-initial elementor-widget-mobile__width-inherit ekit-equal-height-disable elementor-widget elementor-widget-elementskit-icon-box\" data-id=\"69fcb652\" data-element_type=\"widget\" data-e-type=\"widget\" data-settings=\"{&quot;ekit_we_effect_on&quot;:&quot;none&quot;}\" data-widget_type=\"elementskit-icon-box.default\">\n\t\t\t\t<div class=\"elementor-widget-container\">\n\t\t\t\t\t<div class=\"ekit-wid-con\" >        <!-- link opening -->\n                <!-- end link opening -->\n\n        <div class=\"elementskit-infobox text- text- icon-lef-right-aligin elementor-animation-   \">\n                            <div class=\"elementskit-box-header\">\n                <div class=\"elementskit-info-box-icon text-center\">\n                    <img decoding=\"async\" width=\"216\" height=\"211\" src=\"https:\/\/kikker.com.br\/wp-content\/uploads\/2023\/06\/qr-code-kikker.png\" class=\"attachment- size-\" alt=\"\" \/>                <\/div>\n          <\/div>\n                <div class=\"box-body\">\n                            <h3 class=\"elementskit-info-box-title\">\n                    Apoiar                <\/h3>\n                        \t\t  \t<p>Ler ou c\u00f3digo QR\ne entre em contato conosco pelo WhatsApp<\/p>\n                                <\/div>\n        \n        \n                <\/div>\n        <\/div>\t\t\t\t<\/div>\n\t\t\t\t<\/div>\n\t\t\t\t\t<\/div>\n\t\t<\/div>\n\t\t\t\t\t<\/div>\n\t\t<\/section>\n\t\t\t\t<\/div>\n\t\t","protected":false},"excerpt":{"rendered":"<p>Home Habla con Kikker Para preguntas, sugerencias, citas o cr\u00edticas, utilice el siguiente formulario: Seu navegador n\u00e3o possui suporte para iframes. Ubicaci\u00f3n Viamonte 1592 Piso: 9 Dpto: B, Capital Federal, Ciudad de Buenos Aires, Argentina Email contacto@kikkersoftware.com Apoiar Ler ou c\u00f3digo QR e entre em contato conosco pelo WhatsApp<\/p>\n","protected":false},"author":1,"featured_media":0,"parent":0,"menu_order":0,"comment_status":"closed","ping_status":"closed","template":"elementor_header_footer","meta":{"footnotes":""},"class_list":["post-2697","page","type-page","status-publish","hentry"],"yoast_head":"<!-- This site is optimized with the Yoast SEO plugin v27.4 - https:\/\/yoast.com\/product\/yoast-seo-wordpress\/ -->\n<title>Contacto - Kikker<\/title>\n<meta name=\"robots\" content=\"index, follow, max-snippet:-1, max-image-preview:large, max-video-preview:-1\" \/>\n<link rel=\"canonical\" href=\"https:\/\/kikker.com.br\/es\/contacto\/\" \/>\n<meta property=\"og:locale\" content=\"es_ES\" \/>\n<meta property=\"og:type\" content=\"article\" \/>\n<meta property=\"og:title\" content=\"Contacto - Kikker\" \/>\n<meta property=\"og:description\" content=\"Home Habla con Kikker Para preguntas, sugerencias, citas o cr\u00edticas, utilice el siguiente formulario: Seu navegador n\u00e3o possui suporte para iframes. Ubicaci\u00f3n Viamonte 1592 Piso: 9 Dpto: B, Capital Federal, Ciudad de Buenos Aires, Argentina Email contacto@kikkersoftware.com Apoiar Ler ou c\u00f3digo QR e entre em contato conosco pelo WhatsApp\" \/>\n<meta property=\"og:url\" content=\"https:\/\/kikker.com.br\/es\/contacto\/\" \/>\n<meta property=\"og:site_name\" content=\"Kikker\" \/>\n<meta property=\"article:publisher\" content=\"https:\/\/facebook.com\/kikkersoftware\" \/>\n<meta property=\"article:modified_time\" content=\"2025-11-14T00:25:09+00:00\" \/>\n<meta property=\"og:image\" content=\"https:\/\/kikker.com.br\/wp-content\/uploads\/2023\/06\/qr-code-kikker.png\" \/>\n<meta name=\"twitter:card\" content=\"summary_large_image\" \/>\n<meta name=\"twitter:label1\" content=\"Tiempo de lectura\" \/>\n\t<meta name=\"twitter:data1\" content=\"1 minuto\" \/>\n<script type=\"application\/ld+json\" class=\"yoast-schema-graph\">{\"@context\":\"https:\\\/\\\/schema.org\",\"@graph\":[{\"@type\":\"WebPage\",\"@id\":\"https:\\\/\\\/kikker.com.br\\\/es\\\/contacto\\\/\",\"url\":\"https:\\\/\\\/kikker.com.br\\\/es\\\/contacto\\\/\",\"name\":\"Contacto - Kikker\",\"isPartOf\":{\"@id\":\"https:\\\/\\\/kikker.com.br\\\/es\\\/#website\"},\"primaryImageOfPage\":{\"@id\":\"https:\\\/\\\/kikker.com.br\\\/es\\\/contacto\\\/#primaryimage\"},\"image\":{\"@id\":\"https:\\\/\\\/kikker.com.br\\\/es\\\/contacto\\\/#primaryimage\"},\"thumbnailUrl\":\"http:\\\/\\\/kikker.com.br\\\/wp-content\\\/uploads\\\/2023\\\/06\\\/qr-code-kikker.png\",\"datePublished\":\"2023-06-06T06:47:54+00:00\",\"dateModified\":\"2025-11-14T00:25:09+00:00\",\"breadcrumb\":{\"@id\":\"https:\\\/\\\/kikker.com.br\\\/es\\\/contacto\\\/#breadcrumb\"},\"inLanguage\":\"es\",\"potentialAction\":[{\"@type\":\"ReadAction\",\"target\":[\"https:\\\/\\\/kikker.com.br\\\/es\\\/contacto\\\/\"]}]},{\"@type\":\"ImageObject\",\"inLanguage\":\"es\",\"@id\":\"https:\\\/\\\/kikker.com.br\\\/es\\\/contacto\\\/#primaryimage\",\"url\":\"http:\\\/\\\/kikker.com.br\\\/wp-content\\\/uploads\\\/2023\\\/06\\\/qr-code-kikker.png\",\"contentUrl\":\"http:\\\/\\\/kikker.com.br\\\/wp-content\\\/uploads\\\/2023\\\/06\\\/qr-code-kikker.png\"},{\"@type\":\"BreadcrumbList\",\"@id\":\"https:\\\/\\\/kikker.com.br\\\/es\\\/contacto\\\/#breadcrumb\",\"itemListElement\":[{\"@type\":\"ListItem\",\"position\":1,\"name\":\"Home\",\"item\":\"https:\\\/\\\/kikker.com.br\\\/es\\\/\"},{\"@type\":\"ListItem\",\"position\":2,\"name\":\"Contacto\"}]},{\"@type\":\"WebSite\",\"@id\":\"https:\\\/\\\/kikker.com.br\\\/es\\\/#website\",\"url\":\"https:\\\/\\\/kikker.com.br\\\/es\\\/\",\"name\":\"Kikker\",\"description\":\"Gest\u00e3o Inteligente de Abastecimento\",\"publisher\":{\"@id\":\"https:\\\/\\\/kikker.com.br\\\/es\\\/#organization\"},\"potentialAction\":[{\"@type\":\"SearchAction\",\"target\":{\"@type\":\"EntryPoint\",\"urlTemplate\":\"https:\\\/\\\/kikker.com.br\\\/es\\\/?s={search_term_string}\"},\"query-input\":{\"@type\":\"PropertyValueSpecification\",\"valueRequired\":true,\"valueName\":\"search_term_string\"}}],\"inLanguage\":\"es\"},{\"@type\":\"Organization\",\"@id\":\"https:\\\/\\\/kikker.com.br\\\/es\\\/#organization\",\"name\":\"Kikker - Gest\u00e3o inteligente de abastecimento\",\"alternateName\":\"Kikker\",\"url\":\"https:\\\/\\\/kikker.com.br\\\/es\\\/\",\"logo\":{\"@type\":\"ImageObject\",\"inLanguage\":\"es\",\"@id\":\"https:\\\/\\\/kikker.com.br\\\/es\\\/#\\\/schema\\\/logo\\\/image\\\/\",\"url\":\"https:\\\/\\\/kikker.com.br\\\/wp-content\\\/uploads\\\/2023\\\/05\\\/cropped-favicon-kikker.png\",\"contentUrl\":\"https:\\\/\\\/kikker.com.br\\\/wp-content\\\/uploads\\\/2023\\\/05\\\/cropped-favicon-kikker.png\",\"width\":512,\"height\":512,\"caption\":\"Kikker - Gest\u00e3o inteligente de abastecimento\"},\"image\":{\"@id\":\"https:\\\/\\\/kikker.com.br\\\/es\\\/#\\\/schema\\\/logo\\\/image\\\/\"},\"sameAs\":[\"https:\\\/\\\/facebook.com\\\/kikkersoftware\"]}]}<\/script>\n<!-- \/ Yoast SEO plugin. -->","yoast_head_json":{"title":"Contacto - Kikker","robots":{"index":"index","follow":"follow","max-snippet":"max-snippet:-1","max-image-preview":"max-image-preview:large","max-video-preview":"max-video-preview:-1"},"canonical":"https:\/\/kikker.com.br\/es\/contacto\/","og_locale":"es_ES","og_type":"article","og_title":"Contacto - Kikker","og_description":"Home Habla con Kikker Para preguntas, sugerencias, citas o cr\u00edticas, utilice el siguiente formulario: Seu navegador n\u00e3o possui suporte para iframes. Ubicaci\u00f3n Viamonte 1592 Piso: 9 Dpto: B, Capital Federal, Ciudad de Buenos Aires, Argentina Email contacto@kikkersoftware.com Apoiar Ler ou c\u00f3digo QR e entre em contato conosco pelo WhatsApp","og_url":"https:\/\/kikker.com.br\/es\/contacto\/","og_site_name":"Kikker","article_publisher":"https:\/\/facebook.com\/kikkersoftware","article_modified_time":"2025-11-14T00:25:09+00:00","og_image":[{"url":"https:\/\/kikker.com.br\/wp-content\/uploads\/2023\/06\/qr-code-kikker.png","type":"","width":"","height":""}],"twitter_card":"summary_large_image","twitter_misc":{"Tiempo de lectura":"1 minuto"},"schema":{"@context":"https:\/\/schema.org","@graph":[{"@type":"WebPage","@id":"https:\/\/kikker.com.br\/es\/contacto\/","url":"https:\/\/kikker.com.br\/es\/contacto\/","name":"Contacto - Kikker","isPartOf":{"@id":"https:\/\/kikker.com.br\/es\/#website"},"primaryImageOfPage":{"@id":"https:\/\/kikker.com.br\/es\/contacto\/#primaryimage"},"image":{"@id":"https:\/\/kikker.com.br\/es\/contacto\/#primaryimage"},"thumbnailUrl":"https:\/\/kikker.com.br\/wp-content\/uploads\/2023\/06\/qr-code-kikker.png","datePublished":"2023-06-06T06:47:54+00:00","dateModified":"2025-11-14T00:25:09+00:00","breadcrumb":{"@id":"https:\/\/kikker.com.br\/es\/contacto\/#breadcrumb"},"inLanguage":"es","potentialAction":[{"@type":"ReadAction","target":["https:\/\/kikker.com.br\/es\/contacto\/"]}]},{"@type":"ImageObject","inLanguage":"es","@id":"https:\/\/kikker.com.br\/es\/contacto\/#primaryimage","url":"https:\/\/kikker.com.br\/wp-content\/uploads\/2023\/06\/qr-code-kikker.png","contentUrl":"https:\/\/kikker.com.br\/wp-content\/uploads\/2023\/06\/qr-code-kikker.png"},{"@type":"BreadcrumbList","@id":"https:\/\/kikker.com.br\/es\/contacto\/#breadcrumb","itemListElement":[{"@type":"ListItem","position":1,"name":"Home","item":"https:\/\/kikker.com.br\/es\/"},{"@type":"ListItem","position":2,"name":"Contacto"}]},{"@type":"WebSite","@id":"https:\/\/kikker.com.br\/es\/#website","url":"https:\/\/kikker.com.br\/es\/","name":"Kikker","description":"Gest\u00e3o Inteligente de Abastecimento","publisher":{"@id":"https:\/\/kikker.com.br\/es\/#organization"},"potentialAction":[{"@type":"SearchAction","target":{"@type":"EntryPoint","urlTemplate":"https:\/\/kikker.com.br\/es\/?s={search_term_string}"},"query-input":{"@type":"PropertyValueSpecification","valueRequired":true,"valueName":"search_term_string"}}],"inLanguage":"es"},{"@type":"Organization","@id":"https:\/\/kikker.com.br\/es\/#organization","name":"Kikker - Gest\u00e3o inteligente de abastecimento","alternateName":"Kikker","url":"https:\/\/kikker.com.br\/es\/","logo":{"@type":"ImageObject","inLanguage":"es","@id":"https:\/\/kikker.com.br\/es\/#\/schema\/logo\/image\/","url":"https:\/\/kikker.com.br\/wp-content\/uploads\/2023\/05\/cropped-favicon-kikker.png","contentUrl":"https:\/\/kikker.com.br\/wp-content\/uploads\/2023\/05\/cropped-favicon-kikker.png","width":512,"height":512,"caption":"Kikker - Gest\u00e3o inteligente de abastecimento"},"image":{"@id":"https:\/\/kikker.com.br\/es\/#\/schema\/logo\/image\/"},"sameAs":["https:\/\/facebook.com\/kikkersoftware"]}]}},"_links":{"self":[{"href":"https:\/\/kikker.com.br\/es\/wp-json\/wp\/v2\/pages\/2697","targetHints":{"allow":["GET"]}}],"collection":[{"href":"https:\/\/kikker.com.br\/es\/wp-json\/wp\/v2\/pages"}],"about":[{"href":"https:\/\/kikker.com.br\/es\/wp-json\/wp\/v2\/types\/page"}],"author":[{"embeddable":true,"href":"https:\/\/kikker.com.br\/es\/wp-json\/wp\/v2\/users\/1"}],"replies":[{"embeddable":true,"href":"https:\/\/kikker.com.br\/es\/wp-json\/wp\/v2\/comments?post=2697"}],"version-history":[{"count":29,"href":"https:\/\/kikker.com.br\/es\/wp-json\/wp\/v2\/pages\/2697\/revisions"}],"predecessor-version":[{"id":5774,"href":"https:\/\/kikker.com.br\/es\/wp-json\/wp\/v2\/pages\/2697\/revisions\/5774"}],"wp:attachment":[{"href":"https:\/\/kikker.com.br\/es\/wp-json\/wp\/v2\/media?parent=2697"}],"curies":[{"name":"wp","href":"https:\/\/api.w.org\/{rel}","templated":true}]}}