{"id":4732,"date":"2023-06-06T03:47:54","date_gmt":"2023-06-06T06:47:54","guid":{"rendered":"https:\/\/kikker.com.br\/?page_id=4732"},"modified":"2025-11-13T21:36:13","modified_gmt":"2025-11-14T00:36:13","slug":"contatto","status":"publish","type":"page","link":"https:\/\/kikker.com.br\/it\/contatto\/","title":{"rendered":"Contatto"},"content":{"rendered":"\t\t<div data-elementor-type=\"wp-page\" data-elementor-id=\"4732\" class=\"elementor elementor-4732 elementor-303\" data-elementor-post-type=\"page\">\n\t\t\t\t\t\t<section class=\"elementor-section elementor-top-section elementor-element elementor-element-7ecf28d elementor-section-boxed elementor-section-height-default elementor-section-height-default\" data-id=\"7ecf28d\" data-element_type=\"section\" data-e-type=\"section\" data-settings=\"{&quot;ekit_has_onepagescroll_dot&quot;:&quot;yes&quot;}\">\n\t\t\t\t\t\t\t<div class=\"elementor-background-overlay\"><\/div>\n\t\t\t\t\t\t\t<div class=\"elementor-container elementor-column-gap-default\">\n\t\t\t\t\t<div class=\"elementor-column elementor-col-100 elementor-top-column elementor-element elementor-element-541f823b\" data-id=\"541f823b\" data-element_type=\"column\" data-e-type=\"column\">\n\t\t\t<div class=\"elementor-widget-wrap elementor-element-populated\">\n\t\t\t\t\t\t<div class=\"elementor-element elementor-element-6eb36b74 elementor-widget elementor-widget-heading\" data-id=\"6eb36b74\" data-element_type=\"widget\" data-e-type=\"widget\" data-settings=\"{&quot;ekit_we_effect_on&quot;:&quot;none&quot;}\" data-widget_type=\"heading.default\">\n\t\t\t\t<div class=\"elementor-widget-container\">\n\t\t\t\t\t<h1 class=\"elementor-heading-title elementor-size-default\">Contatto<\/h1>\t\t\t\t<\/div>\n\t\t\t\t<\/div>\n\t\t\t\t<div class=\"elementor-element elementor-element-1bfa93e5 elementor-icon-list--layout-inline elementor-align-center elementor-list-item-link-full_width elementor-widget elementor-widget-icon-list\" data-id=\"1bfa93e5\" data-element_type=\"widget\" data-e-type=\"widget\" data-settings=\"{&quot;ekit_we_effect_on&quot;:&quot;none&quot;}\" data-widget_type=\"icon-list.default\">\n\t\t\t\t<div class=\"elementor-widget-container\">\n\t\t\t\t\t\t\t<ul class=\"elementor-icon-list-items elementor-inline-items\">\n\t\t\t\t\t\t\t<li class=\"elementor-icon-list-item elementor-inline-item\">\n\t\t\t\t\t\t\t\t\t\t\t<span class=\"elementor-icon-list-icon\">\n\t\t\t\t\t\t\t<i aria-hidden=\"true\" class=\"icon icon-home\"><\/i>\t\t\t\t\t\t<\/span>\n\t\t\t\t\t\t\t\t\t\t<span class=\"elementor-icon-list-text\">Home<\/span>\n\t\t\t\t\t\t\t\t\t<\/li>\n\t\t\t\t\t\t\t\t<li class=\"elementor-icon-list-item elementor-inline-item\">\n\t\t\t\t\t\t\t\t\t\t\t<span class=\"elementor-icon-list-icon\">\n\t\t\t\t\t\t\t<i aria-hidden=\"true\" class=\"fas fa-chevron-right\"><\/i>\t\t\t\t\t\t<\/span>\n\t\t\t\t\t\t\t\t\t\t<span class=\"elementor-icon-list-text\">Contatto<\/span>\n\t\t\t\t\t\t\t\t\t<\/li>\n\t\t\t\t\t\t<\/ul>\n\t\t\t\t\t\t<\/div>\n\t\t\t\t<\/div>\n\t\t\t\t\t<\/div>\n\t\t<\/div>\n\t\t\t\t\t<\/div>\n\t\t<\/section>\n\t\t\t\t<section class=\"elementor-section elementor-top-section elementor-element elementor-element-1d67e112 elementor-section-boxed elementor-section-height-default elementor-section-height-default\" data-id=\"1d67e112\" data-element_type=\"section\" data-e-type=\"section\" data-settings=\"{&quot;ekit_has_onepagescroll_dot&quot;:&quot;yes&quot;}\">\n\t\t\t\t\t\t\t<div class=\"elementor-background-overlay\"><\/div>\n\t\t\t\t\t\t\t<div class=\"elementor-container elementor-column-gap-default\">\n\t\t\t\t\t<div class=\"elementor-column elementor-col-50 elementor-top-column elementor-element elementor-element-56c288a6\" data-id=\"56c288a6\" data-element_type=\"column\" data-e-type=\"column\" data-settings=\"{&quot;background_background&quot;:&quot;classic&quot;}\">\n\t\t\t<div class=\"elementor-widget-wrap elementor-element-populated\">\n\t\t\t\t\t<div class=\"elementor-background-overlay\"><\/div>\n\t\t\t\t\t\t<div class=\"elementor-element elementor-element-740f15ea elementor-widget elementor-widget-heading\" data-id=\"740f15ea\" data-element_type=\"widget\" data-e-type=\"widget\" data-settings=\"{&quot;ekit_we_effect_on&quot;:&quot;none&quot;}\" data-widget_type=\"heading.default\">\n\t\t\t\t<div class=\"elementor-widget-container\">\n\t\t\t\t\t<h2 class=\"elementor-heading-title elementor-size-default\">Parla con Kikker<\/h2>\t\t\t\t<\/div>\n\t\t\t\t<\/div>\n\t\t\t\t<div class=\"elementor-element elementor-element-5403678f elementor-widget elementor-widget-text-editor\" data-id=\"5403678f\" data-element_type=\"widget\" data-e-type=\"widget\" data-settings=\"{&quot;ekit_we_effect_on&quot;:&quot;none&quot;}\" data-widget_type=\"text-editor.default\">\n\t\t\t\t<div class=\"elementor-widget-container\">\n\t\t\t\t\t\t\t\t\t<p>Dubbi, suggerimenti, preventivi o critiche? Usa il modulo qui sotto:<\/p>\t\t\t\t\t\t\t\t<\/div>\n\t\t\t\t<\/div>\n\t\t\t\t<div class=\"elementor-element elementor-element-a2b5f61 elementor-widget elementor-widget-html\" data-id=\"a2b5f61\" data-element_type=\"widget\" data-e-type=\"widget\" data-settings=\"{&quot;ekit_we_effect_on&quot;:&quot;none&quot;}\" data-widget_type=\"html.default\">\n\t\t\t\t<div class=\"elementor-widget-container\">\n\t\t\t\t\t<iframe title=\"Formex [Forms simples] Inboud - BR\" name=\"iframe_formex_lahar\" width=\"100%\" height=\"550px\" frameborder=\"0\" style=\"background: none; border: none;\" allowtransparency=\"true\" src=\"https:\/\/forms.lahar.com.br\/formularios-externos\/acessa\/formssimplesinboudbr-VA9kDCt8B2yNfFGejcTUsC4hcHHhS\">Seu navegador n\u00e3o possui suporte para iframes.<\/iframe>\t\t\t\t<\/div>\n\t\t\t\t<\/div>\n\t\t\t\t\t<\/div>\n\t\t<\/div>\n\t\t\t\t<div class=\"elementor-column elementor-col-50 elementor-top-column elementor-element elementor-element-6f7cf413\" data-id=\"6f7cf413\" data-element_type=\"column\" data-e-type=\"column\" data-settings=\"{&quot;background_background&quot;:&quot;classic&quot;}\">\n\t\t\t<div class=\"elementor-widget-wrap elementor-element-populated\">\n\t\t\t\t\t\t<div class=\"elementor-element elementor-element-7dfe0a17 elementor-widget-tablet__width-initial elementor-widget-mobile__width-inherit ekit-equal-height-disable elementor-widget elementor-widget-elementskit-icon-box\" data-id=\"7dfe0a17\" data-element_type=\"widget\" data-e-type=\"widget\" data-settings=\"{&quot;ekit_we_effect_on&quot;:&quot;none&quot;}\" data-widget_type=\"elementskit-icon-box.default\">\n\t\t\t\t<div class=\"elementor-widget-container\">\n\t\t\t\t\t<div class=\"ekit-wid-con\" >        <!-- link opening -->\n                <!-- end link opening -->\n\n        <div class=\"elementskit-infobox text- text-left icon-lef-right-aligin elementor-animation- media  \">\n                    <div class=\"elementskit-box-header elementor-animation-\">\n                <div class=\"elementskit-info-box-icon  text-center\">\n                    <i aria-hidden=\"true\" class=\"elementkit-infobox-icon icon icon-map-marker1\"><\/i>\n                <\/div>\n          <\/div>\n                        <div class=\"box-body\">\n                            <h3 class=\"elementskit-info-box-title\">\n                    Localiza\u00e7\u00e3o                <\/h3>\n                        \t\t  \t<p>Rua Ala\u00edde Nascimento de Lemos 932B \u2013 Jardim Proen\u00e7a, Campinas-SP CEP: 13100-453<\/p>\n                                <\/div>\n        \n        \n                <\/div>\n        <\/div>\t\t\t\t<\/div>\n\t\t\t\t<\/div>\n\t\t\t\t<div class=\"elementor-element elementor-element-5389d9dd elementor-widget-tablet__width-initial elementor-widget-mobile__width-inherit ekit-equal-height-disable elementor-widget elementor-widget-elementskit-icon-box\" data-id=\"5389d9dd\" data-element_type=\"widget\" data-e-type=\"widget\" data-settings=\"{&quot;ekit_we_effect_on&quot;:&quot;none&quot;}\" data-widget_type=\"elementskit-icon-box.default\">\n\t\t\t\t<div class=\"elementor-widget-container\">\n\t\t\t\t\t<div class=\"ekit-wid-con\" >        <!-- link opening -->\n                <!-- end link opening -->\n\n        <div class=\"elementskit-infobox text- text- icon-lef-right-aligin elementor-animation-   \">\n                        <div class=\"box-body\">\n                            <h3 class=\"elementskit-info-box-title\">\n                    Email                <\/h3>\n                        \t\t  \t<p>suporte@kikker.com.br<\/br>\ncontato@kikker.com.br<\/p>\n                                <\/div>\n        \n        \n                <\/div>\n        <\/div>\t\t\t\t<\/div>\n\t\t\t\t<\/div>\n\t\t\t\t<div class=\"elementor-element elementor-element-69fcb652 elementor-widget-tablet__width-initial elementor-widget-mobile__width-inherit ekit-equal-height-disable elementor-widget elementor-widget-elementskit-icon-box\" data-id=\"69fcb652\" data-element_type=\"widget\" data-e-type=\"widget\" data-settings=\"{&quot;ekit_we_effect_on&quot;:&quot;none&quot;}\" data-widget_type=\"elementskit-icon-box.default\">\n\t\t\t\t<div class=\"elementor-widget-container\">\n\t\t\t\t\t<div class=\"ekit-wid-con\" >        <!-- link opening -->\n                <!-- end link opening -->\n\n        <div class=\"elementskit-infobox text- text- icon-lef-right-aligin elementor-animation-   \">\n                            <div class=\"elementskit-box-header\">\n                <div class=\"elementskit-info-box-icon text-center\">\n                    <img decoding=\"async\" width=\"216\" height=\"211\" src=\"https:\/\/kikker.com.br\/wp-content\/uploads\/2023\/06\/qr-code-kikker.png\" class=\"attachment- size-\" alt=\"\" \/>                <\/div>\n          <\/div>\n                <div class=\"box-body\">\n                            <h3 class=\"elementskit-info-box-title\">\n                    Suporte                <\/h3>\n                        \t\t  \t<p>Leia o QR code\ne entre em contato via whatsApp<\/p>\n                                <\/div>\n        \n        \n                <\/div>\n        <\/div>\t\t\t\t<\/div>\n\t\t\t\t<\/div>\n\t\t\t\t\t<\/div>\n\t\t<\/div>\n\t\t\t\t\t<\/div>\n\t\t<\/section>\n\t\t\t\t<section class=\"elementor-section elementor-top-section elementor-element elementor-element-74091967 elementor-section-full_width elementor-section-height-default elementor-section-height-default\" data-id=\"74091967\" data-element_type=\"section\" data-e-type=\"section\" data-settings=\"{&quot;ekit_has_onepagescroll_dot&quot;:&quot;yes&quot;}\">\n\t\t\t\t\t\t<div class=\"elementor-container elementor-column-gap-no\">\n\t\t\t\t\t<div class=\"elementor-column elementor-col-100 elementor-top-column elementor-element elementor-element-4331e581\" data-id=\"4331e581\" data-element_type=\"column\" data-e-type=\"column\">\n\t\t\t<div class=\"elementor-widget-wrap elementor-element-populated\">\n\t\t\t\t\t\t<div class=\"elementor-element elementor-element-2691f5b1 elementor-widget elementor-widget-google_maps\" data-id=\"2691f5b1\" data-element_type=\"widget\" data-e-type=\"widget\" data-settings=\"{&quot;ekit_we_effect_on&quot;:&quot;none&quot;}\" data-widget_type=\"google_maps.default\">\n\t\t\t\t<div class=\"elementor-widget-container\">\n\t\t\t\t\t\t\t<div class=\"elementor-custom-embed\">\n\t\t\t<iframe loading=\"lazy\"\n\t\t\t\t\tsrc=\"https:\/\/maps.google.com\/maps?q=Rua%20Ala%C3%ADde%20Nascimento%20de%20Lemos%20932B%20%E2%80%93%20Jardim%20Proen%C3%A7a%2C%20Campinas-SP%20CEP%3A%2013100-453&#038;t=m&#038;z=12&#038;output=embed&#038;iwloc=near\"\n\t\t\t\t\ttitle=\"Rua Ala\u00edde Nascimento de Lemos 932B \u2013 Jardim Proen\u00e7a, Campinas-SP CEP: 13100-453\"\n\t\t\t\t\taria-label=\"Rua Ala\u00edde Nascimento de Lemos 932B \u2013 Jardim Proen\u00e7a, Campinas-SP CEP: 13100-453\"\n\t\t\t><\/iframe>\n\t\t<\/div>\n\t\t\t\t\t\t<\/div>\n\t\t\t\t<\/div>\n\t\t\t\t\t<\/div>\n\t\t<\/div>\n\t\t\t\t\t<\/div>\n\t\t<\/section>\n\t\t\t\t<\/div>\n\t\t","protected":false},"excerpt":{"rendered":"<p>Home Parla con Kikker Dubbi, suggerimenti, preventivi o critiche? Usa il modulo qui sotto: Seu navegador n\u00e3o possui suporte para iframes. Localiza\u00e7\u00e3o Rua Ala\u00edde Nascimento de Lemos 932B \u2013 Jardim Proen\u00e7a, Campinas-SP CEP: 13100-453 Email suporte@kikker.com.br contato@kikker.com.br Suporte Leia o QR code e entre em contato via whatsApp<\/p>\n","protected":false},"author":1,"featured_media":0,"parent":0,"menu_order":0,"comment_status":"closed","ping_status":"closed","template":"elementor_header_footer","meta":{"footnotes":""},"class_list":["post-4732","page","type-page","status-publish","hentry"],"yoast_head":"<!-- This site is optimized with the Yoast SEO plugin v27.4 - https:\/\/yoast.com\/product\/yoast-seo-wordpress\/ -->\n<title>Contatto - Kikker<\/title>\n<meta name=\"robots\" content=\"index, follow, max-snippet:-1, max-image-preview:large, max-video-preview:-1\" \/>\n<link rel=\"canonical\" href=\"https:\/\/kikker.com.br\/it\/contatto\/\" \/>\n<meta property=\"og:locale\" content=\"it_IT\" \/>\n<meta property=\"og:type\" content=\"article\" \/>\n<meta property=\"og:title\" content=\"Contatto - Kikker\" \/>\n<meta property=\"og:description\" content=\"Home Parla con Kikker Dubbi, suggerimenti, preventivi o critiche? Usa il modulo qui sotto: Seu navegador n\u00e3o possui suporte para iframes. Localiza\u00e7\u00e3o Rua Ala\u00edde Nascimento de Lemos 932B \u2013 Jardim Proen\u00e7a, Campinas-SP CEP: 13100-453 Email suporte@kikker.com.br contato@kikker.com.br Suporte Leia o QR code e entre em contato via whatsApp\" \/>\n<meta property=\"og:url\" content=\"https:\/\/kikker.com.br\/it\/contatto\/\" \/>\n<meta property=\"og:site_name\" content=\"Kikker\" \/>\n<meta property=\"article:publisher\" content=\"https:\/\/facebook.com\/kikkersoftware\" \/>\n<meta property=\"article:modified_time\" content=\"2025-11-14T00:36:13+00:00\" \/>\n<meta property=\"og:image\" content=\"https:\/\/kikker.com.br\/wp-content\/uploads\/2023\/06\/qr-code-kikker.png\" \/>\n<meta name=\"twitter:card\" content=\"summary_large_image\" \/>\n<meta name=\"twitter:label1\" content=\"Tempo di lettura stimato\" \/>\n\t<meta name=\"twitter:data1\" content=\"1 minuto\" \/>\n<script type=\"application\/ld+json\" class=\"yoast-schema-graph\">{\"@context\":\"https:\\\/\\\/schema.org\",\"@graph\":[{\"@type\":\"WebPage\",\"@id\":\"https:\\\/\\\/kikker.com.br\\\/it\\\/contatto\\\/\",\"url\":\"https:\\\/\\\/kikker.com.br\\\/it\\\/contatto\\\/\",\"name\":\"Contatto - Kikker\",\"isPartOf\":{\"@id\":\"https:\\\/\\\/kikker.com.br\\\/it\\\/#website\"},\"primaryImageOfPage\":{\"@id\":\"https:\\\/\\\/kikker.com.br\\\/it\\\/contatto\\\/#primaryimage\"},\"image\":{\"@id\":\"https:\\\/\\\/kikker.com.br\\\/it\\\/contatto\\\/#primaryimage\"},\"thumbnailUrl\":\"http:\\\/\\\/kikker.com.br\\\/wp-content\\\/uploads\\\/2023\\\/06\\\/qr-code-kikker.png\",\"datePublished\":\"2023-06-06T06:47:54+00:00\",\"dateModified\":\"2025-11-14T00:36:13+00:00\",\"breadcrumb\":{\"@id\":\"https:\\\/\\\/kikker.com.br\\\/it\\\/contatto\\\/#breadcrumb\"},\"inLanguage\":\"it-IT\",\"potentialAction\":[{\"@type\":\"ReadAction\",\"target\":[\"https:\\\/\\\/kikker.com.br\\\/it\\\/contatto\\\/\"]}]},{\"@type\":\"ImageObject\",\"inLanguage\":\"it-IT\",\"@id\":\"https:\\\/\\\/kikker.com.br\\\/it\\\/contatto\\\/#primaryimage\",\"url\":\"http:\\\/\\\/kikker.com.br\\\/wp-content\\\/uploads\\\/2023\\\/06\\\/qr-code-kikker.png\",\"contentUrl\":\"http:\\\/\\\/kikker.com.br\\\/wp-content\\\/uploads\\\/2023\\\/06\\\/qr-code-kikker.png\"},{\"@type\":\"BreadcrumbList\",\"@id\":\"https:\\\/\\\/kikker.com.br\\\/it\\\/contatto\\\/#breadcrumb\",\"itemListElement\":[{\"@type\":\"ListItem\",\"position\":1,\"name\":\"Home\",\"item\":\"https:\\\/\\\/kikker.com.br\\\/it\\\/\"},{\"@type\":\"ListItem\",\"position\":2,\"name\":\"Contatto\"}]},{\"@type\":\"WebSite\",\"@id\":\"https:\\\/\\\/kikker.com.br\\\/it\\\/#website\",\"url\":\"https:\\\/\\\/kikker.com.br\\\/it\\\/\",\"name\":\"Kikker\",\"description\":\"Gest\u00e3o Inteligente de Abastecimento\",\"publisher\":{\"@id\":\"https:\\\/\\\/kikker.com.br\\\/it\\\/#organization\"},\"potentialAction\":[{\"@type\":\"SearchAction\",\"target\":{\"@type\":\"EntryPoint\",\"urlTemplate\":\"https:\\\/\\\/kikker.com.br\\\/it\\\/?s={search_term_string}\"},\"query-input\":{\"@type\":\"PropertyValueSpecification\",\"valueRequired\":true,\"valueName\":\"search_term_string\"}}],\"inLanguage\":\"it-IT\"},{\"@type\":\"Organization\",\"@id\":\"https:\\\/\\\/kikker.com.br\\\/it\\\/#organization\",\"name\":\"Kikker - Gest\u00e3o inteligente de abastecimento\",\"alternateName\":\"Kikker\",\"url\":\"https:\\\/\\\/kikker.com.br\\\/it\\\/\",\"logo\":{\"@type\":\"ImageObject\",\"inLanguage\":\"it-IT\",\"@id\":\"https:\\\/\\\/kikker.com.br\\\/it\\\/#\\\/schema\\\/logo\\\/image\\\/\",\"url\":\"https:\\\/\\\/kikker.com.br\\\/wp-content\\\/uploads\\\/2023\\\/05\\\/cropped-favicon-kikker.png\",\"contentUrl\":\"https:\\\/\\\/kikker.com.br\\\/wp-content\\\/uploads\\\/2023\\\/05\\\/cropped-favicon-kikker.png\",\"width\":512,\"height\":512,\"caption\":\"Kikker - Gest\u00e3o inteligente de abastecimento\"},\"image\":{\"@id\":\"https:\\\/\\\/kikker.com.br\\\/it\\\/#\\\/schema\\\/logo\\\/image\\\/\"},\"sameAs\":[\"https:\\\/\\\/facebook.com\\\/kikkersoftware\"]}]}<\/script>\n<!-- \/ Yoast SEO plugin. -->","yoast_head_json":{"title":"Contatto - Kikker","robots":{"index":"index","follow":"follow","max-snippet":"max-snippet:-1","max-image-preview":"max-image-preview:large","max-video-preview":"max-video-preview:-1"},"canonical":"https:\/\/kikker.com.br\/it\/contatto\/","og_locale":"it_IT","og_type":"article","og_title":"Contatto - Kikker","og_description":"Home Parla con Kikker Dubbi, suggerimenti, preventivi o critiche? Usa il modulo qui sotto: Seu navegador n\u00e3o possui suporte para iframes. Localiza\u00e7\u00e3o Rua Ala\u00edde Nascimento de Lemos 932B \u2013 Jardim Proen\u00e7a, Campinas-SP CEP: 13100-453 Email suporte@kikker.com.br contato@kikker.com.br Suporte Leia o QR code e entre em contato via whatsApp","og_url":"https:\/\/kikker.com.br\/it\/contatto\/","og_site_name":"Kikker","article_publisher":"https:\/\/facebook.com\/kikkersoftware","article_modified_time":"2025-11-14T00:36:13+00:00","og_image":[{"url":"https:\/\/kikker.com.br\/wp-content\/uploads\/2023\/06\/qr-code-kikker.png","type":"","width":"","height":""}],"twitter_card":"summary_large_image","twitter_misc":{"Tempo di lettura stimato":"1 minuto"},"schema":{"@context":"https:\/\/schema.org","@graph":[{"@type":"WebPage","@id":"https:\/\/kikker.com.br\/it\/contatto\/","url":"https:\/\/kikker.com.br\/it\/contatto\/","name":"Contatto - Kikker","isPartOf":{"@id":"https:\/\/kikker.com.br\/it\/#website"},"primaryImageOfPage":{"@id":"https:\/\/kikker.com.br\/it\/contatto\/#primaryimage"},"image":{"@id":"https:\/\/kikker.com.br\/it\/contatto\/#primaryimage"},"thumbnailUrl":"https:\/\/kikker.com.br\/wp-content\/uploads\/2023\/06\/qr-code-kikker.png","datePublished":"2023-06-06T06:47:54+00:00","dateModified":"2025-11-14T00:36:13+00:00","breadcrumb":{"@id":"https:\/\/kikker.com.br\/it\/contatto\/#breadcrumb"},"inLanguage":"it-IT","potentialAction":[{"@type":"ReadAction","target":["https:\/\/kikker.com.br\/it\/contatto\/"]}]},{"@type":"ImageObject","inLanguage":"it-IT","@id":"https:\/\/kikker.com.br\/it\/contatto\/#primaryimage","url":"https:\/\/kikker.com.br\/wp-content\/uploads\/2023\/06\/qr-code-kikker.png","contentUrl":"https:\/\/kikker.com.br\/wp-content\/uploads\/2023\/06\/qr-code-kikker.png"},{"@type":"BreadcrumbList","@id":"https:\/\/kikker.com.br\/it\/contatto\/#breadcrumb","itemListElement":[{"@type":"ListItem","position":1,"name":"Home","item":"https:\/\/kikker.com.br\/it\/"},{"@type":"ListItem","position":2,"name":"Contatto"}]},{"@type":"WebSite","@id":"https:\/\/kikker.com.br\/it\/#website","url":"https:\/\/kikker.com.br\/it\/","name":"Kikker","description":"Gest\u00e3o Inteligente de Abastecimento","publisher":{"@id":"https:\/\/kikker.com.br\/it\/#organization"},"potentialAction":[{"@type":"SearchAction","target":{"@type":"EntryPoint","urlTemplate":"https:\/\/kikker.com.br\/it\/?s={search_term_string}"},"query-input":{"@type":"PropertyValueSpecification","valueRequired":true,"valueName":"search_term_string"}}],"inLanguage":"it-IT"},{"@type":"Organization","@id":"https:\/\/kikker.com.br\/it\/#organization","name":"Kikker - Gest\u00e3o inteligente de abastecimento","alternateName":"Kikker","url":"https:\/\/kikker.com.br\/it\/","logo":{"@type":"ImageObject","inLanguage":"it-IT","@id":"https:\/\/kikker.com.br\/it\/#\/schema\/logo\/image\/","url":"https:\/\/kikker.com.br\/wp-content\/uploads\/2023\/05\/cropped-favicon-kikker.png","contentUrl":"https:\/\/kikker.com.br\/wp-content\/uploads\/2023\/05\/cropped-favicon-kikker.png","width":512,"height":512,"caption":"Kikker - Gest\u00e3o inteligente de abastecimento"},"image":{"@id":"https:\/\/kikker.com.br\/it\/#\/schema\/logo\/image\/"},"sameAs":["https:\/\/facebook.com\/kikkersoftware"]}]}},"_links":{"self":[{"href":"https:\/\/kikker.com.br\/it\/wp-json\/wp\/v2\/pages\/4732","targetHints":{"allow":["GET"]}}],"collection":[{"href":"https:\/\/kikker.com.br\/it\/wp-json\/wp\/v2\/pages"}],"about":[{"href":"https:\/\/kikker.com.br\/it\/wp-json\/wp\/v2\/types\/page"}],"author":[{"embeddable":true,"href":"https:\/\/kikker.com.br\/it\/wp-json\/wp\/v2\/users\/1"}],"replies":[{"embeddable":true,"href":"https:\/\/kikker.com.br\/it\/wp-json\/wp\/v2\/comments?post=4732"}],"version-history":[{"count":10,"href":"https:\/\/kikker.com.br\/it\/wp-json\/wp\/v2\/pages\/4732\/revisions"}],"predecessor-version":[{"id":5706,"href":"https:\/\/kikker.com.br\/it\/wp-json\/wp\/v2\/pages\/4732\/revisions\/5706"}],"wp:attachment":[{"href":"https:\/\/kikker.com.br\/it\/wp-json\/wp\/v2\/media?parent=4732"}],"curies":[{"name":"wp","href":"https:\/\/api.w.org\/{rel}","templated":true}]}}